{"id":1718,"date":"2022-03-23T10:29:46","date_gmt":"2022-03-23T10:29:46","guid":{"rendered":"http:\/\/cantosverso.org\/separata\/"},"modified":"2022-03-23T10:29:46","modified_gmt":"2022-03-23T10:29:46","slug":"separata","status":"publish","type":"page","link":"https:\/\/cantosverso.org\/en\/separata\/","title":{"rendered":"Separata"},"content":{"rendered":"","protected":false},"excerpt":{"rendered":"","protected":false},"author":1,"featured_media":0,"parent":0,"menu_order":0,"comment_status":"closed","ping_status":"closed","template":"page-still.php","meta":{"inline_featured_image":false,"footnotes":""},"class_list":["post-1718","page","type-page","status-publish","hentry"],"acf":{"title":"Exhibitions","text":"<p><strong>2022<\/strong><br \/>\n<a href=\"https:\/\/esad-amiens.design\/fr\/articles\/the-bookshelf-at-the-end-of-the-cantosverse-paulo-de-cantos-1892-1979\">The Bookshelf at The End of the Cantosverse<\/a> \u2013E\u0301sad d&#8217;Amiens \u2013 E\u0301cole Supe\u0301rieure d\u2019Art et Design d\u2019Amiens, at invitation from Se\u0301bastien Morlinghem.<\/p>\n<p><strong>2019<\/strong><br \/>\n<a href=\"https:\/\/colegiodasartesexposicoes.pt\/exposicao\/victoria-sobre-o-sol-from-black-square-to-loophole\">Vict\u00f3ria sobre o Sol \u2013 from Black Square to Loophole<\/a>, Cole\u0301gio das Artes Coimbra, participation in the collective exhibition curated by Anto\u0301nio Olaio.<\/p>\n<p><strong>2018<\/strong><br \/>\n<a href=\"https:\/\/www.ekkm.ee\/naitused\/cloudbusters-intensity-vs-intention\">Cloudbusters: Intensity vs. Intention<\/a> na 17\u00aa Tallinn Print Triennial at Contemporary Art Museum Estonia (EKKM), participation in the collective exhibition curated by Margit S\u00e4de.<\/p>\n","text_2":"<p><strong>2017<\/strong><br \/>\n<a href=\"https:\/\/gulbenkian.pt\/paris\/tete-beche-portrait-bibliographique-de-paulo-de-cantos-1892-1979\/\">T\u00eate-b\u00eache, portrait bibliographique de Paulo de Cantos (1892-1979)<\/a>, Gulbenkian \u2013 Paris, part of the parallel programme of AGI \u2013 Paris.<br \/>\n<a href=\"https:\/\/www.facebook.com\/watch\/?v=1510024902365913\">Trailer<\/a><\/p>\n<p><strong>2017<\/strong><br \/>\n<a href=\"http:\/\/chrome-extension:\/\/efaidnbmnnnibpcajpcglclefindmkaj\/https:\/\/www.isdat.fr\/content\/uploads\/2017\/10\/20171109_exposition-Paulo-de-Cantos_DP.pdf\">O mestre birosto, portrait t\u00eate-b\u00eache de Paulo de Cantos (1892-1979)<\/a> at ISDAT \u2013 Institut Sup\u00e9rieur des Arts et du Design de Toulouse, at invitation from S\u00e9bastien D\u00e9geilh.<\/p>\n<p><strong>2012<\/strong><br \/>\n<a href=\"http:\/\/oportolisboa.blogspot.com\/2012\/03\/jornadas-cantianas-16-e-17-de-marco.html\">Jornadas Cantianas<\/a> \u2014 Confer\u00eancias a partir da obras de Paulo de Cantos, em parceria com o artista Alexandre Estrela, Oporto em Lisboa<\/p>\n<p><a href=\"https:\/\/barbarasays.com\/o-livr-o-mem\/\">O livr-o-mem<\/a> , barbara says&#8230; (2013)<\/p>\n<p>Exposic\u0327a\u0303o Da Cor \/ Das Cores, UCP (2015)<\/p>\n<p>O Design que o Design na\u0303o Ve\u0302, Ma\u0301rio Moura (2018)<\/p>\n"},"_links":{"self":[{"href":"https:\/\/cantosverso.org\/en\/wp-json\/wp\/v2\/pages\/1718","targetHints":{"allow":["GET"]}}],"collection":[{"href":"https:\/\/cantosverso.org\/en\/wp-json\/wp\/v2\/pages"}],"about":[{"href":"https:\/\/cantosverso.org\/en\/wp-json\/wp\/v2\/types\/page"}],"author":[{"embeddable":true,"href":"https:\/\/cantosverso.org\/en\/wp-json\/wp\/v2\/users\/1"}],"replies":[{"embeddable":true,"href":"https:\/\/cantosverso.org\/en\/wp-json\/wp\/v2\/comments?post=1718"}],"version-history":[{"count":0,"href":"https:\/\/cantosverso.org\/en\/wp-json\/wp\/v2\/pages\/1718\/revisions"}],"wp:attachment":[{"href":"https:\/\/cantosverso.org\/en\/wp-json\/wp\/v2\/media?parent=1718"}],"curies":[{"name":"wp","href":"https:\/\/api.w.org\/{rel}","templated":true}]}}